{"id":7,"date":"2021-04-01T16:16:29","date_gmt":"2021-04-01T19:16:29","guid":{"rendered":"http:\/\/impresscamp.com.br\/?page_id=7"},"modified":"2021-04-01T16:19:56","modified_gmt":"2021-04-01T19:19:56","slug":"home","status":"publish","type":"page","link":"https:\/\/impresscamp.com.br\/","title":{"rendered":"HOME"},"content":{"rendered":"\t\t<div data-elementor-type=\"wp-page\" data-elementor-id=\"7\" class=\"elementor elementor-7\">\n\t\t\t\t\t\t\t\t\t<section class=\"elementor-section elementor-top-section elementor-element elementor-element-941a435 elementor-section-boxed elementor-section-height-default elementor-section-height-default\" data-id=\"941a435\" data-element_type=\"section\">\n\t\t\t\t\t\t<div class=\"elementor-container elementor-column-gap-default\">\n\t\t\t\t\t<div class=\"elementor-column elementor-col-100 elementor-top-column elementor-element elementor-element-7a6383b\" data-id=\"7a6383b\" data-element_type=\"column\">\n\t\t\t<div class=\"elementor-widget-wrap elementor-element-populated\">\n\t\t\t\t\t\t\t\t<div class=\"elementor-element elementor-element-3cfa21a elementor-widget elementor-widget-heading\" data-id=\"3cfa21a\" data-element_type=\"widget\" data-widget_type=\"heading.default\">\n\t\t\t\t<div class=\"elementor-widget-container\">\n\t\t\t<h2 class=\"elementor-heading-title elementor-size-default\">Sobre n\u00f3s<\/h2>\t\t<\/div>\n\t\t\t\t<\/div>\n\t\t\t\t\t<\/div>\n\t\t<\/div>\n\t\t\t\t\t\t\t<\/div>\n\t\t<\/section>\n\t\t\t\t<section class=\"elementor-section elementor-top-section elementor-element elementor-element-9bb4a7b elementor-section-boxed elementor-section-height-default elementor-section-height-default\" data-id=\"9bb4a7b\" data-element_type=\"section\">\n\t\t\t\t\t\t<div class=\"elementor-container elementor-column-gap-default\">\n\t\t\t\t\t<div class=\"elementor-column elementor-col-100 elementor-top-column elementor-element elementor-element-8e96565\" data-id=\"8e96565\" data-element_type=\"column\">\n\t\t\t<div class=\"elementor-widget-wrap elementor-element-populated\">\n\t\t\t\t\t\t\t\t<div class=\"elementor-element elementor-element-2bd3027 elementor-widget elementor-widget-text-editor\" data-id=\"2bd3027\" data-element_type=\"widget\" data-widget_type=\"text-editor.default\">\n\t\t\t\t<div class=\"elementor-widget-container\">\n\t\t\t\t\t\t\t<p>Frequentemente os departamentos de Tecnologia da Informa\u00e7\u00e3o \u2013 TI s\u00e3o respons\u00e1veis pela gest\u00e3o do parque de impressoras das empresas. Al\u00e9m do suporte t\u00e9cnico, os analistas de TI prestam servi\u00e7os de manuten\u00e7\u00e3o, compra de suprimentos e novas impressoras, o que gera uma demasiada aten\u00e7\u00e3o para tarefas que n\u00e3o deveriam ser foco dessa \u00e1rea nas empresas.<\/p><p>Soma-se a esta situa\u00e7\u00e3o o fato de que normalmente a utiliza\u00e7\u00e3o das impressoras pelos usu\u00e1rios n\u00e3o \u00e9 monitorada. Estes fatos geram alguns problemas: parque de impressoras desatualizados tecnologicamente, gastos n\u00e3o controlados com cartuchos e pe\u00e7as, manuten\u00e7\u00e3o corretiva frequente e desperd\u00edcio de papel e insumos.<\/p><p>As solu\u00e7\u00f5es de Loca\u00e7\u00e3o de Equipamentos ou Outsourcing de impress\u00e3o da IMPRESSCAMP, visam assumir todas as atividades relacionadas \u00e0 gest\u00e3o do parque de impressoras de sua empresa. Isto significa que sua empresa se torna mais competitiva por manter o foco direcionado para a especialidade do seu mercado.<\/p>\t\t\t\t\t\t<\/div>\n\t\t\t\t<\/div>\n\t\t\t\t\t<\/div>\n\t\t<\/div>\n\t\t\t\t\t\t\t<\/div>\n\t\t<\/section>\n\t\t\t\t\t\t\t<\/div>\n\t\t","protected":false},"excerpt":{"rendered":"<p>Sobre n\u00f3s Frequentemente os departamentos de Tecnologia da Informa\u00e7\u00e3o \u2013 TI s\u00e3o respons\u00e1veis pela gest\u00e3o do parque de impressoras das empresas. Al\u00e9m do suporte t\u00e9cnico,&hellip;<\/p>\n","protected":false},"author":1,"featured_media":0,"parent":0,"menu_order":0,"comment_status":"closed","ping_status":"closed","template":"","meta":{"footnotes":""},"_links":{"self":[{"href":"https:\/\/impresscamp.com.br\/index.php\/wp-json\/wp\/v2\/pages\/7"}],"collection":[{"href":"https:\/\/impresscamp.com.br\/index.php\/wp-json\/wp\/v2\/pages"}],"about":[{"href":"https:\/\/impresscamp.com.br\/index.php\/wp-json\/wp\/v2\/types\/page"}],"author":[{"embeddable":true,"href":"https:\/\/impresscamp.com.br\/index.php\/wp-json\/wp\/v2\/users\/1"}],"replies":[{"embeddable":true,"href":"https:\/\/impresscamp.com.br\/index.php\/wp-json\/wp\/v2\/comments?post=7"}],"version-history":[{"count":4,"href":"https:\/\/impresscamp.com.br\/index.php\/wp-json\/wp\/v2\/pages\/7\/revisions"}],"predecessor-version":[{"id":18,"href":"https:\/\/impresscamp.com.br\/index.php\/wp-json\/wp\/v2\/pages\/7\/revisions\/18"}],"wp:attachment":[{"href":"https:\/\/impresscamp.com.br\/index.php\/wp-json\/wp\/v2\/media?parent=7"}],"curies":[{"name":"wp","href":"https:\/\/api.w.org\/{rel}","templated":true}]}}