{"id":23,"date":"2021-04-01T16:28:56","date_gmt":"2021-04-01T19:28:56","guid":{"rendered":"http:\/\/impresscamp.com.br\/?page_id=23"},"modified":"2021-04-01T17:36:29","modified_gmt":"2021-04-01T20:36:29","slug":"servicos","status":"publish","type":"page","link":"https:\/\/impresscamp.com.br\/index.php\/servicos\/","title":{"rendered":"SERVI\u00c7OS"},"content":{"rendered":"\t\t<div data-elementor-type=\"wp-page\" data-elementor-id=\"23\" class=\"elementor elementor-23\">\n\t\t\t\t\t\t\t\t\t<section class=\"elementor-section elementor-top-section elementor-element elementor-element-67396c5 elementor-section-boxed elementor-section-height-default elementor-section-height-default\" data-id=\"67396c5\" data-element_type=\"section\">\n\t\t\t\t\t\t<div class=\"elementor-container elementor-column-gap-default\">\n\t\t\t\t\t<div class=\"elementor-column elementor-col-100 elementor-top-column elementor-element elementor-element-142ea62\" data-id=\"142ea62\" data-element_type=\"column\">\n\t\t\t<div class=\"elementor-widget-wrap elementor-element-populated\">\n\t\t\t\t\t\t\t\t<div class=\"elementor-element elementor-element-ae9799b elementor-widget elementor-widget-heading\" data-id=\"ae9799b\" data-element_type=\"widget\" data-widget_type=\"heading.default\">\n\t\t\t\t<div class=\"elementor-widget-container\">\n\t\t\t<h2 class=\"elementor-heading-title elementor-size-default\">Manuten\u00e7\u00e3o de Impressoras Laser PB e Color, Jato e Multifuncionais<\/h2>\t\t<\/div>\n\t\t\t\t<\/div>\n\t\t\t\t\t<\/div>\n\t\t<\/div>\n\t\t\t\t\t\t\t<\/div>\n\t\t<\/section>\n\t\t\t\t<section class=\"elementor-section elementor-top-section elementor-element elementor-element-eae15ca elementor-section-boxed elementor-section-height-default elementor-section-height-default\" data-id=\"eae15ca\" data-element_type=\"section\">\n\t\t\t\t\t\t<div class=\"elementor-container elementor-column-gap-default\">\n\t\t\t\t\t<div class=\"elementor-column elementor-col-100 elementor-top-column elementor-element elementor-element-4ca21e1\" data-id=\"4ca21e1\" data-element_type=\"column\">\n\t\t\t<div class=\"elementor-widget-wrap elementor-element-populated\">\n\t\t\t\t\t\t\t\t<div class=\"elementor-element elementor-element-51a735e elementor-widget elementor-widget-text-editor\" data-id=\"51a735e\" data-element_type=\"widget\" data-widget_type=\"text-editor.default\">\n\t\t\t\t<div class=\"elementor-widget-container\">\n\t\t\t\t\t\t\t<p>Nossa equipe disp\u00f5e de T\u00e9cnicos especializados, para fornecer solu\u00e7\u00f5es r\u00e1pidas e eficazes, com excelente qualidade a um pre\u00e7o acess\u00edvel.<br \/><span style=\"color: var( --e-global-color-text ); font-family: var( --e-global-typography-text-font-family ), Sans-serif; font-weight: var( --e-global-typography-text-font-weight );\">Entre em contato com nossos profissionais e solicite um or\u00e7amento para Manuten\u00e7\u00e3o de Impressoras.<\/span><\/p>\t\t\t\t\t\t<\/div>\n\t\t\t\t<\/div>\n\t\t\t\t\t<\/div>\n\t\t<\/div>\n\t\t\t\t\t\t\t<\/div>\n\t\t<\/section>\n\t\t\t\t<section class=\"elementor-section elementor-top-section elementor-element elementor-element-573d049 elementor-section-boxed elementor-section-height-default elementor-section-height-default\" data-id=\"573d049\" data-element_type=\"section\">\n\t\t\t\t\t\t<div class=\"elementor-container elementor-column-gap-default\">\n\t\t\t\t\t<div class=\"elementor-column elementor-col-100 elementor-top-column elementor-element elementor-element-fbecdff\" data-id=\"fbecdff\" data-element_type=\"column\">\n\t\t\t<div class=\"elementor-widget-wrap elementor-element-populated\">\n\t\t\t\t\t\t\t\t<div class=\"elementor-element elementor-element-c99d94c elementor-widget elementor-widget-heading\" data-id=\"c99d94c\" data-element_type=\"widget\" data-widget_type=\"heading.default\">\n\t\t\t\t<div class=\"elementor-widget-container\">\n\t\t\t<h2 class=\"elementor-heading-title elementor-size-default\">Atendimento T\u00e9cnico Balc\u00e3o<\/h2>\t\t<\/div>\n\t\t\t\t<\/div>\n\t\t\t\t\t<\/div>\n\t\t<\/div>\n\t\t\t\t\t\t\t<\/div>\n\t\t<\/section>\n\t\t\t\t<section class=\"elementor-section elementor-top-section elementor-element elementor-element-de039f0 elementor-section-boxed elementor-section-height-default elementor-section-height-default\" data-id=\"de039f0\" data-element_type=\"section\">\n\t\t\t\t\t\t<div class=\"elementor-container elementor-column-gap-default\">\n\t\t\t\t\t<div class=\"elementor-column elementor-col-100 elementor-top-column elementor-element elementor-element-ae06d26\" data-id=\"ae06d26\" data-element_type=\"column\">\n\t\t\t<div class=\"elementor-widget-wrap elementor-element-populated\">\n\t\t\t\t\t\t\t\t<div class=\"elementor-element elementor-element-075a90e elementor-widget elementor-widget-text-editor\" data-id=\"075a90e\" data-element_type=\"widget\" data-widget_type=\"text-editor.default\">\n\t\t\t\t<div class=\"elementor-widget-container\">\n\t\t\t\t\t\t\t<p style=\"background: white; margin: 0cm 0cm 15.6pt 0cm;\"><span style=\"font-family: 'Arial',sans-serif; color: #7a7a7a;\">Pensando na melhor solu\u00e7\u00e3o e baixo custo, investimos na amplia\u00e7\u00e3o de nosso laborat\u00f3rio t\u00e9cnico, onde a equipe t\u00e9cnica interna est\u00e1 sempre pronta para receb\u00ea-lo com o seu equipamento, para um or\u00e7amento sem custo em curto espa\u00e7o de tempo.<\/span><\/p>\t\t\t\t\t\t<\/div>\n\t\t\t\t<\/div>\n\t\t\t\t\t<\/div>\n\t\t<\/div>\n\t\t\t\t\t\t\t<\/div>\n\t\t<\/section>\n\t\t\t\t<section class=\"elementor-section elementor-top-section elementor-element elementor-element-1ef38d6 elementor-section-boxed elementor-section-height-default elementor-section-height-default\" data-id=\"1ef38d6\" data-element_type=\"section\">\n\t\t\t\t\t\t<div class=\"elementor-container elementor-column-gap-default\">\n\t\t\t\t\t<div class=\"elementor-column elementor-col-100 elementor-top-column elementor-element elementor-element-4ddb0aa\" data-id=\"4ddb0aa\" data-element_type=\"column\">\n\t\t\t<div class=\"elementor-widget-wrap elementor-element-populated\">\n\t\t\t\t\t\t\t\t<div class=\"elementor-element elementor-element-96331f8 elementor-widget elementor-widget-heading\" data-id=\"96331f8\" data-element_type=\"widget\" data-widget_type=\"heading.default\">\n\t\t\t\t<div class=\"elementor-widget-container\">\n\t\t\t<h2 class=\"elementor-heading-title elementor-size-default\">Manuten\u00e7\u00e3o Corretiva<\/h2>\t\t<\/div>\n\t\t\t\t<\/div>\n\t\t\t\t\t<\/div>\n\t\t<\/div>\n\t\t\t\t\t\t\t<\/div>\n\t\t<\/section>\n\t\t\t\t<section class=\"elementor-section elementor-top-section elementor-element elementor-element-2ec90de elementor-section-boxed elementor-section-height-default elementor-section-height-default\" data-id=\"2ec90de\" data-element_type=\"section\">\n\t\t\t\t\t\t<div class=\"elementor-container elementor-column-gap-default\">\n\t\t\t\t\t<div class=\"elementor-column elementor-col-100 elementor-top-column elementor-element elementor-element-d8f06ec\" data-id=\"d8f06ec\" data-element_type=\"column\">\n\t\t\t<div class=\"elementor-widget-wrap elementor-element-populated\">\n\t\t\t\t\t\t\t\t<div class=\"elementor-element elementor-element-e177c02 elementor-widget elementor-widget-text-editor\" data-id=\"e177c02\" data-element_type=\"widget\" data-widget_type=\"text-editor.default\">\n\t\t\t\t<div class=\"elementor-widget-container\">\n\t\t\t\t\t\t\t<p>A Manuten\u00e7\u00e3o de Impressoras Corretiva ocorre quando a impressora apresenta algum defeito que prejudica o seu pleno funcionamento, como atolamento de papel, manchas, barulhos e c\u00f3digo de erros.<br \/>Este tipo de manuten\u00e7\u00e3o, serve para corrigir estes problemas e deve ser feito imediatamente ap\u00f3s a presen\u00e7a do defeito, evitando que cause transtornos ainda maiores.<br \/>O desgaste ou dano de uma pe\u00e7a, pode ocorrer devido \u00e0 m\u00e1 utiliza\u00e7\u00e3o dos seus componentes principais que s\u00e3o utilizados para realizar a impress\u00e3o dos documentos que s\u00e3o necess\u00e1rios pelos usu\u00e1rios, ou mesmo por desgaste da m\u00e1quina quando utilizado por um longo tempo.<\/p>\t\t\t\t\t\t<\/div>\n\t\t\t\t<\/div>\n\t\t\t\t\t<\/div>\n\t\t<\/div>\n\t\t\t\t\t\t\t<\/div>\n\t\t<\/section>\n\t\t\t\t<section class=\"elementor-section elementor-top-section elementor-element elementor-element-ec0e77a elementor-section-boxed elementor-section-height-default elementor-section-height-default\" data-id=\"ec0e77a\" data-element_type=\"section\">\n\t\t\t\t\t\t<div class=\"elementor-container elementor-column-gap-default\">\n\t\t\t\t\t<div class=\"elementor-column elementor-col-100 elementor-top-column elementor-element elementor-element-747422f\" data-id=\"747422f\" data-element_type=\"column\">\n\t\t\t<div class=\"elementor-widget-wrap elementor-element-populated\">\n\t\t\t\t\t\t\t\t<div class=\"elementor-element elementor-element-0fdc552 elementor-widget elementor-widget-heading\" data-id=\"0fdc552\" data-element_type=\"widget\" data-widget_type=\"heading.default\">\n\t\t\t\t<div class=\"elementor-widget-container\">\n\t\t\t<h2 class=\"elementor-heading-title elementor-size-default\">Manuten\u00e7\u00e3o Preventiva de Impressoras<\/h2>\t\t<\/div>\n\t\t\t\t<\/div>\n\t\t\t\t\t<\/div>\n\t\t<\/div>\n\t\t\t\t\t\t\t<\/div>\n\t\t<\/section>\n\t\t\t\t<section class=\"elementor-section elementor-top-section elementor-element elementor-element-afa65da elementor-section-boxed elementor-section-height-default elementor-section-height-default\" data-id=\"afa65da\" data-element_type=\"section\">\n\t\t\t\t\t\t<div class=\"elementor-container elementor-column-gap-default\">\n\t\t\t\t\t<div class=\"elementor-column elementor-col-100 elementor-top-column elementor-element elementor-element-fafa2cb\" data-id=\"fafa2cb\" data-element_type=\"column\">\n\t\t\t<div class=\"elementor-widget-wrap elementor-element-populated\">\n\t\t\t\t\t\t\t\t<div class=\"elementor-element elementor-element-2a3cdef elementor-widget elementor-widget-text-editor\" data-id=\"2a3cdef\" data-element_type=\"widget\" data-widget_type=\"text-editor.default\">\n\t\t\t\t<div class=\"elementor-widget-container\">\n\t\t\t\t\t\t\t<p style=\"background: white; margin: 0cm 0cm 15.6pt 0cm;\"><span style=\"font-family: 'Arial',sans-serif; color: #7a7a7a;\">A Manuten\u00e7\u00e3o de Impressoras Preventiva ocorre em per\u00edodos programados, onde \u00e9 realizada a limpeza e lubrifica\u00e7\u00e3o do equipamento e troca de pe\u00e7as que apresente desgastes, desta forma evita que o equipamento apresente defeitos, prolongando sua vida \u00fatil.<\/span><\/p><p style=\"background: white; margin: 0cm 0cm 15.6pt 0cm;\"><span style=\"font-family: 'Arial',sans-serif; color: #7a7a7a;\">Para evitar dores de cabe\u00e7a \u00e9 preciso estar atento aos equipamentos da empresa e realizar a Manuten\u00e7\u00e3o de Impressoras Preventiva com periodicidade.<\/span><\/p><p style=\"background: white; margin: 0cm 0cm 15.6pt 0cm;\"><span style=\"font-family: 'Arial',sans-serif; color: #7a7a7a;\">A Manuten\u00e7\u00e3o de Impressoras Preventiva precisa ser feita n\u00e3o apenas por empresas, mas tamb\u00e9m pelos usu\u00e1rios dom\u00e9sticos, j\u00e1 que ela consiste em um processo que promove a limpeza, a lubrifica\u00e7\u00e3o e a regulagem da impressora, al\u00e9m de ser essencial para descobrir se \u00e9 preciso trocar alguma pe\u00e7a do aparelho. No caso das empresas, a diferen\u00e7a \u00e9 que a visita t\u00e9cnica deve acontecer em intervalos menores de tempo, j\u00e1 que essas impressoras s\u00e3o muito exigidas.<\/span><\/p>\t\t\t\t\t\t<\/div>\n\t\t\t\t<\/div>\n\t\t\t\t\t<\/div>\n\t\t<\/div>\n\t\t\t\t\t\t\t<\/div>\n\t\t<\/section>\n\t\t\t\t\t\t\t<\/div>\n\t\t","protected":false},"excerpt":{"rendered":"<p>Manuten\u00e7\u00e3o de Impressoras Laser PB e Color, Jato e Multifuncionais Nossa equipe disp\u00f5e de T\u00e9cnicos especializados, para fornecer solu\u00e7\u00f5es r\u00e1pidas e eficazes, com excelente qualidade&hellip;<\/p>\n","protected":false},"author":1,"featured_media":0,"parent":0,"menu_order":0,"comment_status":"closed","ping_status":"closed","template":"","meta":{"footnotes":""},"_links":{"self":[{"href":"https:\/\/impresscamp.com.br\/index.php\/wp-json\/wp\/v2\/pages\/23"}],"collection":[{"href":"https:\/\/impresscamp.com.br\/index.php\/wp-json\/wp\/v2\/pages"}],"about":[{"href":"https:\/\/impresscamp.com.br\/index.php\/wp-json\/wp\/v2\/types\/page"}],"author":[{"embeddable":true,"href":"https:\/\/impresscamp.com.br\/index.php\/wp-json\/wp\/v2\/users\/1"}],"replies":[{"embeddable":true,"href":"https:\/\/impresscamp.com.br\/index.php\/wp-json\/wp\/v2\/comments?post=23"}],"version-history":[{"count":3,"href":"https:\/\/impresscamp.com.br\/index.php\/wp-json\/wp\/v2\/pages\/23\/revisions"}],"predecessor-version":[{"id":26,"href":"https:\/\/impresscamp.com.br\/index.php\/wp-json\/wp\/v2\/pages\/23\/revisions\/26"}],"wp:attachment":[{"href":"https:\/\/impresscamp.com.br\/index.php\/wp-json\/wp\/v2\/media?parent=23"}],"curies":[{"name":"wp","href":"https:\/\/api.w.org\/{rel}","templated":true}]}}